{"id":339,"date":"2021-01-28T11:16:38","date_gmt":"2021-01-28T11:16:38","guid":{"rendered":"http:\/\/greengraphix.de\/?page_id=339"},"modified":"2021-01-29T11:05:28","modified_gmt":"2021-01-29T11:05:28","slug":"visitenkarten","status":"publish","type":"page","link":"https:\/\/greengraphix.de\/?page_id=339","title":{"rendered":"Visitenkarten"},"content":{"rendered":"\n<p>Unsere Visitenkarten werden klimaneutral auf 100 % Recycling-Papier mit Bio-Farben und 100 % \u00d6kostrom gedruckt!<\/p>\n\n\n\n<p><strong>Standart Visitenkarte<\/strong> <strong>8,5 x 5,5 cm \u2022 hoch oder quer \u2022 4\/4-farbig \u2022 350g\/qm Recycling Bilderdruck<\/strong><\/p>\n\n\n\n<p><strong>100 St\u00fcck<\/strong> \u2022 \u20ac 59,00<\/p>\n\n\n\n<p><strong>250 St\u00fcck<\/strong> \u2022 \u20ac 99,00<\/p>\n\n\n\n<p><strong>500 St\u00fcck<\/strong> \u2022 \u20ac 89,00<\/p>\n\n\n\n<p>Preise in Euro zuz\u00fcglich Gestaltungskosten und der gesetzlichen MwSt. <\/p>\n\n\n\n<p><strong>Sie m\u00f6chten eine andere Gr\u00f6\u00dfe, ein anderes Papier oder eine andere Auflage?<\/strong><\/p>\n\n\n\n<p>Ich erstelle Ihnen gerne ein individuelles, kostenloses Angebot.<\/p>\n\n\n\n<p>&nbsp;Rufen Sie einfach an unter +49(0)2253 541 144 oder +49(0)171 206 38 26 <\/p>\n\n\n\n<p>Oder schreiben Sie mir bitte eine E-Mail an <a href=\"mailto:theo@greengraphix.de\">theo@greengraphix.de oder <\/a><a href=\"mailto:greengraphix.de@icloud.com\">greengraphix.de@icloud.com<\/a><\/p>\n","protected":false},"excerpt":{"rendered":"<p>Unsere Visitenkarten werden klimaneutral auf 100 % Recycling-Papier mit Bio-Farben und 100 % \u00d6kostrom gedruckt! Standart Visitenkarte 8,5 x 5,5 cm \u2022 hoch oder quer \u2022 4\/4-farbig \u2022 350g\/qm Recycling Bilderdruck 100 St\u00fcck \u2022 \u20ac 59,00 250 St\u00fcck \u2022 \u20ac 99,00 500 St\u00fcck \u2022 \u20ac &hellip; <a href=\"https:\/\/greengraphix.de\/?page_id=339\" class=\"more-link\"><span>Continue reading<span class=\"screen-reader-text\">Visitenkarten<\/span><\/span><\/a><\/p>\n","protected":false},"author":1,"featured_media":0,"parent":0,"menu_order":0,"comment_status":"closed","ping_status":"closed","template":"","meta":[],"_links":{"self":[{"href":"https:\/\/greengraphix.de\/index.php?rest_route=\/wp\/v2\/pages\/339"}],"collection":[{"href":"https:\/\/greengraphix.de\/index.php?rest_route=\/wp\/v2\/pages"}],"about":[{"href":"https:\/\/greengraphix.de\/index.php?rest_route=\/wp\/v2\/types\/page"}],"author":[{"embeddable":true,"href":"https:\/\/greengraphix.de\/index.php?rest_route=\/wp\/v2\/users\/1"}],"replies":[{"embeddable":true,"href":"https:\/\/greengraphix.de\/index.php?rest_route=%2Fwp%2Fv2%2Fcomments&post=339"}],"version-history":[{"count":7,"href":"https:\/\/greengraphix.de\/index.php?rest_route=\/wp\/v2\/pages\/339\/revisions"}],"predecessor-version":[{"id":360,"href":"https:\/\/greengraphix.de\/index.php?rest_route=\/wp\/v2\/pages\/339\/revisions\/360"}],"wp:attachment":[{"href":"https:\/\/greengraphix.de\/index.php?rest_route=%2Fwp%2Fv2%2Fmedia&parent=339"}],"curies":[{"name":"wp","href":"https:\/\/api.w.org\/{rel}","templated":true}]}}