{"id":222,"date":"2019-12-06T15:46:19","date_gmt":"2019-12-06T15:46:19","guid":{"rendered":"http:\/\/greengraphix.de\/?page_id=222"},"modified":"2019-12-09T15:20:41","modified_gmt":"2019-12-09T15:20:41","slug":"nachhaltigkeit","status":"publish","type":"page","link":"https:\/\/greengraphix.de\/?page_id=222","title":{"rendered":"Nachhaltigkeit"},"content":{"rendered":"\n<p>Bei der Produktion von Druckprodukten arbeite ich mit einem  namhaften Zulieferer zusammen, der die Einhaltung hoher \u00f6kologischer  Standarts garantiert:<\/p>\n\n\n\n<hr class=\"wp-block-separator\"\/>\n\n\n\n<p><strong>Ausschlie\u00dfliche Verwendung von Recyclingpapieren.<\/strong><\/p>\n\n\n\n<p>Alle Druckprodukte werden unter Verwendung von Papieren hergestellt, die mit den Umweltsiegeln \u201e<a rel=\"noreferrer noopener\" href=\"http:\/\/www.blauer-engel.de\/de\" target=\"_blank\">Blauer Engel<\/a>\u201c oder \u201e<a rel=\"noreferrer noopener\" href=\"http:\/\/www.eu-ecolabel.de\" target=\"_blank\">Euroblume<\/a>\u201c ausgezeichnet sind.<\/p>\n\n\n\n<p>Die Umweltsiegel garantieren die hohen \u00f6kologischen Standards der Recyclingpapiere.<\/p>\n\n\n\n<p>F\u00fcr Papiere mit dem Blauen Engel gilt: Die verarbeiteten Papierfasern\n m\u00fcssen zu 100 % aus Altpapier bestehen. Der Einsatz von sch\u00e4dlichen \nChemikalien ist verboten, ebenso die Verwendung optischer Aufheller.<\/p>\n\n\n\n<p>Recyclingpapier verursacht in der Herstellung weitaus weniger klimasch\u00e4dliche Gase als Frischfaserpapier.<\/p>\n\n\n\n<p>Eine Tonne Recyclingpapier vermeidet im Vergleich zu \nFrischfaserpapier so viel Kohlendioxid, wie ein PKW mit einem \ndurchschnittlichen Verbrauch w\u00e4hrend einer 1.000 km-Fahrt ausst\u00f6\u00dft.<\/p>\n\n\n\n<hr class=\"wp-block-separator\"\/>\n\n\n\n<p><strong>Ausschlie\u00dfliche Verwendung von Farben auf Pflanzen\u00f6lbasis.<\/strong><\/p>\n\n\n\n<p>Bei den von unserem Zulieferer eingesetzten veganen Druckfarben sind \nmineral\u00f6lhaltige Bestandteile weitestgehend durch Zutaten auf \nPflanzen\u00f6lbasis ersetzt.<\/p>\n\n\n\n<p>Bindemittel sind dabei ein wesentlicher Bestandteil von Druckfarben, \ndie bei unserem Zulieferer auf Pflanzen\u00f6l statt auf dem sonst \u00fcblichen \nMineral\u00f6l basieren.<\/p>\n\n\n\n<p>Farben auf Pflanzen\u00f6lbasis k\u00f6nnen beim Papier-Recycling mit weniger \nEnergieaufwand herausgel\u00f6st werden als konventionelle Druckfarben.<\/p>\n\n\n\n<p>Zudem sind diese Farben biologisch leichter abbaubar als ausschlie\u00dflich mineral\u00f6lbasierte Druckfarben.<\/p>\n\n\n\n<hr class=\"wp-block-separator\"\/>\n\n\n\n<p><strong>Ausschlie\u00dfliche Verwendung von \u00d6K\u00d6STROM<\/strong><\/p>\n\n\n\n<p>Keine Frage \u2013 Druckmaschinen verbrauchen viel Strom. Deswegen ist die\n Wahl des Stromanbieters f\u00fcr die Umweltbilanz einer Druckerei \nentscheidend.<\/p>\n\n\n\n<p>Unser Zulieferer bezieht \u00d6kostrom von Greenpeace Energy, deren Strommix derzeit aus 90 % Wasser- und 10 % Windkraft besteht.<\/p>\n\n\n\n<hr class=\"wp-block-separator\"\/>\n\n\n\n<p><strong>Zertifizierung<\/strong><\/p>\n\n\n\n<p>Mein Zulieferer im bereich &#8222;Druck&#8220; ist durch natureOffice klimazertifiziert.<\/p>\n\n\n\n<p>Die Zertifizierung und die regelm\u00e4\u00dfige Bilanzierung der Kohlendioxid-Emissionen beim Druckprozess unterst\u00fctzt meinen Druckpartner dabei, den Aussto\u00df von CO2 im gesamten Ablauf der Druck-Produktion zu verringern.<\/p>\n\n\n\n<p>Unvermeidbare Kohlendioxid-Emissionen gleicht mein Zulieferer durch Investitionen in Klimaschutzprojekte aus \u2013 die Emissionen werden so klimaneutral gestellt.<\/p>\n\n\n\n<hr class=\"wp-block-separator\"\/>\n\n\n\n<p><strong>Beim Versand arbeite ich mit DHL GoGreen.<\/strong><\/p>\n\n\n\n<p>Mit DHL GoGreen werden die durch den Transport entstehenden CO2-Emissionen erfasst und durch Investitionen in Klimaschutzprojekte ausgeglichen.<\/p>\n\n\n\n<hr class=\"wp-block-separator\"\/>\n\n\n\n<p><strong>Bei finanziellen Angelegenheiten<\/strong><\/p>\n\n\n\n<p>setze ich auf eine sozial-\u00f6kologische Bankarbeit und arbeite deshalb mit der GLS Gemeinschaftsbank eG zusammen.<br><a href=\"http:\/\/www.gls.de\" target=\"_blank\" rel=\"noreferrer noopener\">www.gls.de<\/a><\/p>\n\n\n\n<p>Haben Sie Fragen oder Anregungen schreiben Sie mir bitte eine E-Mail an <a href=\"mailto:theo@greengraphix.de\">theo@greengraphix.de<\/a> oder rufen einfach an: +49(0) 2253 \/ 541 144<\/p>\n","protected":false},"excerpt":{"rendered":"<p>Bei der Produktion von Druckprodukten arbeite ich mit einem namhaften Zulieferer zusammen, der die Einhaltung hoher \u00f6kologischer Standarts garantiert: Ausschlie\u00dfliche Verwendung von Recyclingpapieren. Alle Druckprodukte werden unter Verwendung von Papieren hergestellt, die mit den Umweltsiegeln \u201eBlauer Engel\u201c oder \u201eEuroblume\u201c ausgezeichnet sind. Die Umweltsiegel garantieren die &hellip; <a href=\"https:\/\/greengraphix.de\/?page_id=222\" class=\"more-link\"><span>Continue reading<span class=\"screen-reader-text\">Nachhaltigkeit<\/span><\/span><\/a><\/p>\n","protected":false},"author":1,"featured_media":0,"parent":0,"menu_order":7,"comment_status":"closed","ping_status":"closed","template":"","meta":[],"_links":{"self":[{"href":"https:\/\/greengraphix.de\/index.php?rest_route=\/wp\/v2\/pages\/222"}],"collection":[{"href":"https:\/\/greengraphix.de\/index.php?rest_route=\/wp\/v2\/pages"}],"about":[{"href":"https:\/\/greengraphix.de\/index.php?rest_route=\/wp\/v2\/types\/page"}],"author":[{"embeddable":true,"href":"https:\/\/greengraphix.de\/index.php?rest_route=\/wp\/v2\/users\/1"}],"replies":[{"embeddable":true,"href":"https:\/\/greengraphix.de\/index.php?rest_route=%2Fwp%2Fv2%2Fcomments&post=222"}],"version-history":[{"count":5,"href":"https:\/\/greengraphix.de\/index.php?rest_route=\/wp\/v2\/pages\/222\/revisions"}],"predecessor-version":[{"id":247,"href":"https:\/\/greengraphix.de\/index.php?rest_route=\/wp\/v2\/pages\/222\/revisions\/247"}],"wp:attachment":[{"href":"https:\/\/greengraphix.de\/index.php?rest_route=%2Fwp%2Fv2%2Fmedia&parent=222"}],"curies":[{"name":"wp","href":"https:\/\/api.w.org\/{rel}","templated":true}]}}