{"id":21,"date":"2016-07-12T14:20:49","date_gmt":"2016-07-12T14:20:49","guid":{"rendered":"http:\/\/greengraphix.de\/?page_id=21"},"modified":"2021-01-25T13:47:31","modified_gmt":"2021-01-25T13:47:31","slug":"grafikdesign","status":"publish","type":"page","link":"https:\/\/greengraphix.de\/?page_id=21","title":{"rendered":"Grafikdesign"},"content":{"rendered":"<p>bezeichnet die visuelle Gestaltung der in grafischen Elementen enthaltenen schriftlichen und bildlichen Nachrichten unter Anwendung k\u00fcnstlerischer und technischer Mittel. Sein Zweck ist, das Verst\u00e4ndnis der Nachrichten zu erleichtern und die Aufmerksamkeit auf sie zu erh\u00f6hen. Grafikdesigner sind unmittelbar gestaltend oder beratend t\u00e4tig.\u00a0Quelle: Wikipedia<\/p>\n<p><strong>Klingt kompliziert?<\/strong><\/p>\n<p>Im Klartext: Ich gestalte.<\/p>\n<ul>\n<li>\n<p><strong>Logos<\/strong><\/p>\n<\/li>\n<li>\n<p><strong>Cover (CD, DVD, Vinyl LP)<\/strong><\/p>\n<\/li>\n<li><strong>A<\/strong><strong>lle Produkte, die im Bereich &#8222;<a href=\"http:\/\/greengraphix.de\/?page_id=26\">Druck<\/a>&#8220; angeboten werden.<\/strong><\/li>\n<\/ul>\n\n\n<p><strong>In\u00adte\u00adr\u00ades\u00adsiert?<\/strong><\/p>\n\n\n\n<p>Rufen Sie einfach an unter +49(0)2253 541 144 oder +49(0)171 206 38 26<\/p>\n\n\n\n<p>Oder schreiben Sie mir bitte eine E-Mail an <a href=\"mailto:theo@greengraphix.de\">theo@greengraphix.de<\/a><a href=\"mailto:theo@greengraphix.de\"> oder <\/a><a href=\"mailto:greengraphix.de@icloud.com\">greengraphix.de@icloud.com<\/a><\/p>\n\n\n\n<p><\/p>\n","protected":false},"excerpt":{"rendered":"<p>bezeichnet die visuelle Gestaltung der in grafischen Elementen enthaltenen schriftlichen und bildlichen Nachrichten unter Anwendung k\u00fcnstlerischer und technischer Mittel. Sein Zweck ist, das Verst\u00e4ndnis der Nachrichten zu erleichtern und die Aufmerksamkeit auf sie zu erh\u00f6hen. Grafikdesigner sind unmittelbar gestaltend oder beratend t\u00e4tig.\u00a0Quelle: Wikipedia Klingt kompliziert? &hellip; <a href=\"https:\/\/greengraphix.de\/?page_id=21\" class=\"more-link\"><span>Continue reading<span class=\"screen-reader-text\">Grafikdesign<\/span><\/span><\/a><\/p>\n","protected":false},"author":1,"featured_media":0,"parent":0,"menu_order":2,"comment_status":"closed","ping_status":"closed","template":"","meta":[],"_links":{"self":[{"href":"https:\/\/greengraphix.de\/index.php?rest_route=\/wp\/v2\/pages\/21"}],"collection":[{"href":"https:\/\/greengraphix.de\/index.php?rest_route=\/wp\/v2\/pages"}],"about":[{"href":"https:\/\/greengraphix.de\/index.php?rest_route=\/wp\/v2\/types\/page"}],"author":[{"embeddable":true,"href":"https:\/\/greengraphix.de\/index.php?rest_route=\/wp\/v2\/users\/1"}],"replies":[{"embeddable":true,"href":"https:\/\/greengraphix.de\/index.php?rest_route=%2Fwp%2Fv2%2Fcomments&post=21"}],"version-history":[{"count":17,"href":"https:\/\/greengraphix.de\/index.php?rest_route=\/wp\/v2\/pages\/21\/revisions"}],"predecessor-version":[{"id":322,"href":"https:\/\/greengraphix.de\/index.php?rest_route=\/wp\/v2\/pages\/21\/revisions\/322"}],"wp:attachment":[{"href":"https:\/\/greengraphix.de\/index.php?rest_route=%2Fwp%2Fv2%2Fmedia&parent=21"}],"curies":[{"name":"wp","href":"https:\/\/api.w.org\/{rel}","templated":true}]}}